{"id":7037,"date":"2024-10-09T17:11:17","date_gmt":"2024-10-09T15:11:17","guid":{"rendered":"https:\/\/galilea-abogados.es\/schedule-a-consultation\/"},"modified":"2025-01-17T13:07:31","modified_gmt":"2025-01-17T12:07:31","slug":"schedule-a-consultation","status":"publish","type":"page","link":"https:\/\/galilea-abogados.es\/en\/schedule-a-consultation\/","title":{"rendered":"Schedule a consultation"},"content":{"rendered":"\t\t<div data-elementor-type=\"wp-page\" data-elementor-id=\"7037\" class=\"elementor elementor-7037 elementor-6185\" data-elementor-post-type=\"page\">\n\t\t\t\t<div class=\"elementor-element elementor-element-e503b6f e-flex e-con-boxed e-con e-parent\" data-id=\"e503b6f\" data-element_type=\"container\">\n\t\t\t\t\t<div class=\"e-con-inner\">\n\t\t\t\t<div class=\"elementor-element elementor-element-6143d39 elementor-alert-info elementor-widget elementor-widget-alert\" data-id=\"6143d39\" data-element_type=\"widget\" data-widget_type=\"alert.default\">\n\t\t\t\t<div class=\"elementor-widget-container\">\n\t\t\t\t\t<div class=\"elementor-alert\" role=\"alert\">\n\n\t\t\t\t\t\t<span class=\"elementor-alert-title\">Information<\/span>\n\t\t\t\n\t\t\t\t\t\t<span class=\"elementor-alert-description\">Once the request is completed, you will receive a link in your email to access the online meeting, which will be held on the requested date and time.<\/span>\n\t\t\t\n\t\t\t\t\t\t<button type=\"button\" class=\"elementor-alert-dismiss\">\n\t\t\t\t<i aria-hidden=\"true\" class=\"material zmdi zmdi-info\"><\/i>\t\t\t\t<span class=\"elementor-screen-only\">Dismiss this alert.<\/span>\n\t\t\t<\/button>\n\t\t\t\n\t\t<\/div>\n\t\t\t\t<\/div>\n\t\t\t\t<\/div>\n\t\t\t\t<div class=\"elementor-element elementor-element-f6adc8f elementor-widget elementor-widget-heading\" data-id=\"f6adc8f\" data-element_type=\"widget\" data-widget_type=\"heading.default\">\n\t\t\t\t<div class=\"elementor-widget-container\">\n\t\t\t<p class=\"elementor-heading-title elementor-size-default\">Time zone: Madrid GMT +01:00<\/p>\t\t<\/div>\n\t\t\t\t<\/div>\n\t\t\t\t<div class=\"elementor-element elementor-element-0eae2de elementor-widget elementor-widget-shortcode\" data-id=\"0eae2de\" data-element_type=\"widget\" data-widget_type=\"shortcode.default\">\n\t\t\t\t<div class=\"elementor-widget-container\">\n\t\t\t\t\t<div class=\"elementor-shortcode\"><div class=\"latepoint-book-form-wrapper os-loading os_init_booking_form\" id=\"latepointBookForm_69f5cf81604e5\" data-selected-service=\"1\" >\n\t\t\t\t\t\t<div class=\"latepoint-w latepoint-inline-form latepoint-show-side-panel\">\n\t\t\t\t\t\t\t<div class=\"latepoint-booking-form-element\">\n\t\t\t\t\t\t\t\t<div class=\"latepoint-side-panel\"><\/div>\n\t\t\t\t\t\t\t\t<div class=\"latepoint-form-w\"><\/div>\n\t\t\t\t\t\t\t<\/div>\n\t\t\t\t\t\t<\/div>\n\t\t\t\t\t<\/div><\/div>\n\t\t\t\t<\/div>\n\t\t\t\t<\/div>\n\t\t\t\t<div class=\"elementor-element elementor-element-50feded elementor-widget elementor-widget-heading\" data-id=\"50feded\" data-element_type=\"widget\" data-widget_type=\"heading.default\">\n\t\t\t\t<div class=\"elementor-widget-container\">\n\t\t\t<p class=\"elementor-heading-title elementor-size-default\">* THE CONSULTATION FEE WILL BE DEDUCTED FROM THE COST OF THE SERVICE.<\/p>\t\t<\/div>\n\t\t\t\t<\/div>\n\t\t\t\t\t<\/div>\n\t\t\t\t<\/div>\n\t\t\t\t<\/div>\n\t\t","protected":false},"excerpt":{"rendered":"<p>Reserva tu asesor\u00eda online con los expertos en extranjer\u00eda de Galilea Abogados. Asesoramiento personalizado para tr\u00e1mites de nacionalidad, residencia y m\u00e1s, desde la comodidad de tu hogar. <\/p>\n","protected":false},"author":1,"featured_media":0,"parent":0,"menu_order":0,"comment_status":"closed","ping_status":"closed","template":"","meta":{"_acf_changed":false,"content-type":"","footnotes":""},"class_list":["post-7037","page","type-page","status-publish","hentry"],"acf":[],"aioseo_notices":[],"_links":{"self":[{"href":"https:\/\/galilea-abogados.es\/en\/wp-json\/wp\/v2\/pages\/7037","targetHints":{"allow":["GET"]}}],"collection":[{"href":"https:\/\/galilea-abogados.es\/en\/wp-json\/wp\/v2\/pages"}],"about":[{"href":"https:\/\/galilea-abogados.es\/en\/wp-json\/wp\/v2\/types\/page"}],"author":[{"embeddable":true,"href":"https:\/\/galilea-abogados.es\/en\/wp-json\/wp\/v2\/users\/1"}],"replies":[{"embeddable":true,"href":"https:\/\/galilea-abogados.es\/en\/wp-json\/wp\/v2\/comments?post=7037"}],"version-history":[{"count":7,"href":"https:\/\/galilea-abogados.es\/en\/wp-json\/wp\/v2\/pages\/7037\/revisions"}],"predecessor-version":[{"id":9077,"href":"https:\/\/galilea-abogados.es\/en\/wp-json\/wp\/v2\/pages\/7037\/revisions\/9077"}],"wp:attachment":[{"href":"https:\/\/galilea-abogados.es\/en\/wp-json\/wp\/v2\/media?parent=7037"}],"curies":[{"name":"wp","href":"https:\/\/api.w.org\/{rel}","templated":true}]}}