{"id":7051,"date":"2019-10-30T08:05:16","date_gmt":"2019-10-30T07:05:16","guid":{"rendered":"https:\/\/galilea-abogados.es\/politica-de-privacidad\/"},"modified":"2024-11-08T17:54:57","modified_gmt":"2024-11-08T16:54:57","slug":"privacy-policy","status":"publish","type":"page","link":"https:\/\/galilea-abogados.es\/en\/privacy-policy\/","title":{"rendered":"Privacy Policy"},"content":{"rendered":"\t\t<div data-elementor-type=\"wp-page\" data-elementor-id=\"7051\" class=\"elementor elementor-7051 elementor-30\" data-elementor-post-type=\"page\">\n\t\t\t\t<div class=\"elementor-element elementor-element-1aecee2 e-flex e-con-boxed e-con e-parent\" data-id=\"1aecee2\" data-element_type=\"container\">\n\t\t\t\t\t<div class=\"e-con-inner\">\n\t\t\t\t<div class=\"elementor-element elementor-element-18c70c8 elementor-widget elementor-widget-text-editor\" data-id=\"18c70c8\" data-element_type=\"widget\" data-widget_type=\"text-editor.default\">\n\t\t\t\t<div class=\"elementor-widget-container\">\n\t\t\t\t\t\t\t<h2><b><span style=\"vertical-align: inherit;\"><span style=\"vertical-align: inherit;\">PRIVACY POLICY<\/span><\/span><\/b><\/h2><p><span style=\"font-weight: 400;\"><span style=\"vertical-align: inherit;\"><span style=\"vertical-align: inherit;\">This privacy policy is adapted to the current Spanish and European regulations regarding the protection of personal data on the internet. Specifically, it complies with Regulation (EU) 2016\/679 of the European Parliament and of the Council, of April 27, 2016, concerning the protection of natural persons with regard to the processing of personal data and the free movement of these data (GDPR), Organic Law 3\/2018, of December 5, on the protection of personal data and guarantee of digital rights (LOPD-GDD), Royal Decree 1720\/2007, of December 21, and Law 34\/2002, of July 11, on Information Society Services and Electronic Commerce (LSSI-CE).<\/span><\/span><\/span><\/p><h3><b><span style=\"vertical-align: inherit;\"><span style=\"vertical-align: inherit;\">Data Controller<\/span><\/span><\/b><\/h3><p><span style=\"font-weight: 400;\"><span style=\"vertical-align: inherit;\"><span style=\"vertical-align: inherit;\">The data controller of your personal data is Galilea Abogados, SL, https:\/\/galilea-abogados.es\/ (hereinafter, the \u201cOwner\u201d). For privacy-related inquiries, you can contact the following email address: <\/span><\/span><\/span><b><span style=\"vertical-align: inherit;\"><span style=\"vertical-align: inherit;\">direccion@galilea-abogados.es<\/span><\/span><\/b><span style=\"font-weight: 400;\"><span style=\"vertical-align: inherit;\"><span style=\"vertical-align: inherit;\">.<\/span><\/span><\/span><\/p><h3><b><span style=\"vertical-align: inherit;\"><span style=\"vertical-align: inherit;\">Personal Data We Collect<\/span><\/span><\/b><\/h3><p><span style=\"font-weight: 400;\"><span style=\"vertical-align: inherit;\"><span style=\"vertical-align: inherit;\">The Owner collects the following personal data:<\/span><\/span><\/span><\/p><ul><li style=\"font-weight: 400;\" aria-level=\"1\"><b><span style=\"vertical-align: inherit;\"><span style=\"vertical-align: inherit;\">Identification data:<\/span><\/span><\/b><span style=\"font-weight: 400;\"><span style=\"vertical-align: inherit;\"><span style=\"vertical-align: inherit;\"> name, surname, DNI\/NIE, email address, physical address, and phone number.<\/span><\/span><\/span><\/li><li style=\"font-weight: 400;\" aria-level=\"1\"><b><span style=\"vertical-align: inherit;\"><span style=\"vertical-align: inherit;\">Payment data:<\/span><\/span><\/b><span style=\"font-weight: 400;\"><span style=\"vertical-align: inherit;\"><span style=\"vertical-align: inherit;\"> managed through the Stripe payment gateway.<\/span><\/span><\/span><\/li><li style=\"font-weight: 400;\" aria-level=\"1\"><b><span style=\"vertical-align: inherit;\"><span style=\"vertical-align: inherit;\">Browsing data and cookies:<\/span><\/span><\/b><span style=\"font-weight: 400;\"><span style=\"vertical-align: inherit;\"><span style=\"vertical-align: inherit;\"> information generated through the use of cookies for analysis and improving user experience.<\/span><\/span><\/span><\/li><li style=\"font-weight: 400;\" aria-level=\"1\"><b><span style=\"vertical-align: inherit;\"><span style=\"vertical-align: inherit;\">Protected data:<\/span><\/span><\/b><span style=\"font-weight: 400;\"><span style=\"vertical-align: inherit;\"><span style=\"vertical-align: inherit;\"> No specially protected categories of data are processed.<\/span><\/span><\/span><\/li><\/ul><h3>Data Collection Methods<\/h3><p><span style=\"font-weight: 400;\"><span style=\"vertical-align: inherit;\"><span style=\"vertical-align: inherit;\">We collect data through:<\/span><\/span><\/span><\/p><ul><li style=\"font-weight: 400;\" aria-level=\"1\"><span style=\"font-weight: 400;\"><span style=\"vertical-align: inherit;\"><span style=\"vertical-align: inherit;\">Contact forms on the website.<\/span><\/span><\/span><\/li><li style=\"font-weight: 400;\" aria-level=\"1\"><span style=\"font-weight: 400;\"><span style=\"vertical-align: inherit;\"><span style=\"vertical-align: inherit;\">Newsletter subscriptions.<\/span><\/span><\/span><\/li><li style=\"font-weight: 400;\" aria-level=\"1\"><span style=\"font-weight: 400;\"><span style=\"vertical-align: inherit;\"><span style=\"vertical-align: inherit;\">Cookies and tracking technologies.<\/span><\/span><\/span><\/li><\/ul><h3><b><span style=\"vertical-align: inherit;\"><span style=\"vertical-align: inherit;\">Purposes of Data Processing<\/span><\/span><\/b><\/h3><p><span style=\"font-weight: 400;\"><span style=\"vertical-align: inherit;\"><span style=\"vertical-align: inherit;\">The personal data collected is used to:<\/span><\/span><\/span><\/p><ul><li style=\"font-weight: 400;\" aria-level=\"1\"><span style=\"font-weight: 400;\"><span style=\"vertical-align: inherit;\"><span style=\"vertical-align: inherit;\">Process and manage inquiries regarding foreign affairs.<\/span><\/span><\/span><\/li><li style=\"font-weight: 400;\" aria-level=\"1\"><span style=\"font-weight: 400;\"><span style=\"vertical-align: inherit;\"><span style=\"vertical-align: inherit;\">Improve user experience on the website.<\/span><\/span><\/span><\/li><li style=\"font-weight: 400;\" aria-level=\"1\"><span style=\"font-weight: 400;\"><span style=\"vertical-align: inherit;\"><span style=\"vertical-align: inherit;\">Conduct analysis and personalize content.<\/span><\/span><\/span><\/li><li style=\"font-weight: 400;\" aria-level=\"1\"><span style=\"font-weight: 400;\"><span style=\"vertical-align: inherit;\"><span style=\"vertical-align: inherit;\">Send marketing communications, subject to user consent.<\/span><\/span><\/span><\/li><li style=\"font-weight: 400;\" aria-level=\"1\"><span style=\"font-weight: 400;\"><span style=\"vertical-align: inherit;\"><span style=\"vertical-align: inherit;\">Comply with legal and regulatory requirements.<\/span><\/span><\/span><\/li><\/ul><h3><b><span style=\"vertical-align: inherit;\"><span style=\"vertical-align: inherit;\">Legal Basis for Processing<\/span><\/span><\/b><\/h3><p><span style=\"font-weight: 400;\"><span style=\"vertical-align: inherit;\"><span style=\"vertical-align: inherit;\">The legal basis for processing personal data includes:<\/span><\/span><\/span><\/p><ul><li style=\"font-weight: 400;\" aria-level=\"1\"><b><span style=\"vertical-align: inherit;\"><span style=\"vertical-align: inherit;\">User consent<\/span><\/span><\/b><span style=\"font-weight: 400;\"><span style=\"vertical-align: inherit;\"><span style=\"vertical-align: inherit;\"> for subscribing to newsletters and marketing communications.<\/span><\/span><\/span><\/li><li style=\"font-weight: 400;\" aria-level=\"1\"><b><span style=\"vertical-align: inherit;\"><span style=\"vertical-align: inherit;\">Contractual necessity<\/span><\/span><\/b><span style=\"font-weight: 400;\"><span style=\"vertical-align: inherit;\"><span style=\"vertical-align: inherit;\"> to process foreign affairs inquiries.<\/span><\/span><\/span><\/li><li style=\"font-weight: 400;\" aria-level=\"1\"><b><span style=\"vertical-align: inherit;\"><span style=\"vertical-align: inherit;\">Compliance with legal obligations<\/span><\/span><\/b><span style=\"font-weight: 400;\"><span style=\"vertical-align: inherit;\"><span style=\"vertical-align: inherit;\"> according to current data protection regulations.<\/span><\/span><\/span><\/li><\/ul><h3><b><span style=\"vertical-align: inherit;\"><span style=\"vertical-align: inherit;\">Data Sharing with Third Parties<\/span><\/span><\/b><\/h3><p><span style=\"font-weight: 400;\"><span style=\"vertical-align: inherit;\"><span style=\"vertical-align: inherit;\">To fulfill the purposes mentioned above, personal data may be shared with:<\/span><\/span><\/span><\/p><ul><li style=\"font-weight: 400;\" aria-level=\"1\"><b><span style=\"vertical-align: inherit;\"><span style=\"vertical-align: inherit;\">Hubspot CRM<\/span><\/span><\/b><span style=\"font-weight: 400;\"><span style=\"vertical-align: inherit;\"><span style=\"vertical-align: inherit;\"> for customer relationship management.<\/span><\/span><\/span><\/li><li style=\"font-weight: 400;\" aria-level=\"1\"><b><span style=\"vertical-align: inherit;\"><span style=\"vertical-align: inherit;\">Stripe<\/span><\/span><\/b><span style=\"font-weight: 400;\"><span style=\"vertical-align: inherit;\"><span style=\"vertical-align: inherit;\"> for payment management.<\/span><\/span><\/span><\/li><li style=\"font-weight: 400;\" aria-level=\"1\"><b><span style=\"vertical-align: inherit;\"><span style=\"vertical-align: inherit;\">Google Analytics<\/span><\/span><\/b><span style=\"font-weight: 400;\"><span style=\"vertical-align: inherit;\"><span style=\"vertical-align: inherit;\"> for web analytics.<\/span><\/span><\/span><\/li><li style=\"font-weight: 400;\" aria-level=\"1\"><b><span style=\"vertical-align: inherit;\"><span style=\"vertical-align: inherit;\">Data hosting providers<\/span><\/span><\/b><span style=\"font-weight: 400;\"><span style=\"vertical-align: inherit;\"><span style=\"vertical-align: inherit;\"> for storing data on secure servers.<\/span><\/span><\/span><\/li><\/ul><h3><b><span style=\"vertical-align: inherit;\"><span style=\"vertical-align: inherit;\">Data Retention Period<\/span><\/span><\/b><\/h3><p><span style=\"font-weight: 400;\"><span style=\"vertical-align: inherit;\"><span style=\"vertical-align: inherit;\">The Owner will retain personal data only for as long as necessary to fulfill the purposes for which it was collected or to comply with applicable legal requirements.<\/span><\/span><\/span><\/p>\t\t\t\t\t\t<\/div>\n\t\t\t\t<\/div>\n\t\t\t\t\t<\/div>\n\t\t\t\t<\/div>\n\t\t\t\t<\/div>\n\t\t","protected":false},"excerpt":{"rendered":"<p>Descubre c\u00f3mo Galilea Abogados utiliza cookies para mejorar tu experiencia en nuestra web. Conoce m\u00e1s sobre los tipos de cookies que usamos y c\u00f3mo puedes gestionarlas. <\/p>\n","protected":false},"author":1,"featured_media":0,"parent":0,"menu_order":0,"comment_status":"closed","ping_status":"closed","template":"","meta":{"_acf_changed":false,"content-type":"","footnotes":""},"class_list":["post-7051","page","type-page","status-publish","hentry"],"acf":[],"aioseo_notices":[],"_links":{"self":[{"href":"https:\/\/galilea-abogados.es\/en\/wp-json\/wp\/v2\/pages\/7051","targetHints":{"allow":["GET"]}}],"collection":[{"href":"https:\/\/galilea-abogados.es\/en\/wp-json\/wp\/v2\/pages"}],"about":[{"href":"https:\/\/galilea-abogados.es\/en\/wp-json\/wp\/v2\/types\/page"}],"author":[{"embeddable":true,"href":"https:\/\/galilea-abogados.es\/en\/wp-json\/wp\/v2\/users\/1"}],"replies":[{"embeddable":true,"href":"https:\/\/galilea-abogados.es\/en\/wp-json\/wp\/v2\/comments?post=7051"}],"version-history":[{"count":10,"href":"https:\/\/galilea-abogados.es\/en\/wp-json\/wp\/v2\/pages\/7051\/revisions"}],"predecessor-version":[{"id":7531,"href":"https:\/\/galilea-abogados.es\/en\/wp-json\/wp\/v2\/pages\/7051\/revisions\/7531"}],"wp:attachment":[{"href":"https:\/\/galilea-abogados.es\/en\/wp-json\/wp\/v2\/media?parent=7051"}],"curies":[{"name":"wp","href":"https:\/\/api.w.org\/{rel}","templated":true}]}}